{"id":12845,"date":"2024-08-17T18:34:08","date_gmt":"2024-08-17T16:34:08","guid":{"rendered":"https:\/\/www.webdesign-outlet.it\/aipe\/?page_id=12845"},"modified":"2024-08-18T12:23:21","modified_gmt":"2024-08-18T10:23:21","slug":"assistenza-legale","status":"publish","type":"page","link":"https:\/\/aipe.it\/en\/consulenza\/assistenza-legale\/","title":{"rendered":"Legal assistance"},"content":{"rendered":"<div data-elementor-type=\"wp-page\" data-elementor-id=\"12845\" class=\"elementor elementor-12845\">\n\t\t\t\t\t\t<section class=\"elementor-section elementor-top-section elementor-element elementor-element-e59b52e elementor-section-boxed elementor-section-height-default elementor-section-height-default\" data-id=\"e59b52e\" data-element_type=\"section\" data-settings=\"{&quot;wdt_bg_image&quot;:{&quot;url&quot;:&quot;&quot;,&quot;id&quot;:&quot;&quot;,&quot;size&quot;:&quot;&quot;},&quot;wdt_bg_image_laptop&quot;:{&quot;url&quot;:&quot;&quot;,&quot;id&quot;:&quot;&quot;,&quot;size&quot;:&quot;&quot;},&quot;wdt_bg_image_tablet_extra&quot;:{&quot;url&quot;:&quot;&quot;,&quot;id&quot;:&quot;&quot;,&quot;size&quot;:&quot;&quot;},&quot;wdt_bg_image_tablet&quot;:{&quot;url&quot;:&quot;&quot;,&quot;id&quot;:&quot;&quot;,&quot;size&quot;:&quot;&quot;},&quot;wdt_bg_image_mobile_extra&quot;:{&quot;url&quot;:&quot;&quot;,&quot;id&quot;:&quot;&quot;,&quot;size&quot;:&quot;&quot;},&quot;wdt_bg_image_mobile&quot;:{&quot;url&quot;:&quot;&quot;,&quot;id&quot;:&quot;&quot;,&quot;size&quot;:&quot;&quot;},&quot;wdt_bg_position&quot;:&quot;center center&quot;,&quot;wdt_animation_effect&quot;:&quot;none&quot;}\">\n\t\t\t\t\t\t<div class=\"elementor-container elementor-column-gap-wider\">\n\t\t\t\t\t<div class=\"elementor-column elementor-col-50 elementor-top-column elementor-element elementor-element-d6754eb\" data-id=\"d6754eb\" data-element_type=\"column\">\n\t\t\t<div class=\"elementor-widget-wrap elementor-element-populated\">\n\t\t\t\t\t\t<div class=\"elementor-element elementor-element-b3722e6 elementor-widget elementor-widget-heading\" data-id=\"b3722e6\" data-element_type=\"widget\" data-settings=\"{&quot;wdt_animation_effect&quot;:&quot;none&quot;}\" data-widget_type=\"heading.default\">\n\t\t\t\t<div class=\"elementor-widget-container\">\n\t\t\t\t\t<h3 class=\"elementor-heading-title elementor-size-default\">La rivalsa del datore di lavoro<\/h3>\t\t\t\t<\/div>\n\t\t\t\t<\/div>\n\t\t\t\t<div class=\"elementor-element elementor-element-6d5e1cd elementor-widget elementor-widget-text-editor\" data-id=\"6d5e1cd\" data-element_type=\"widget\" data-settings=\"{&quot;wdt_animation_effect&quot;:&quot;none&quot;}\" data-widget_type=\"text-editor.default\">\n\t\t\t\t<div class=\"elementor-widget-container\">\n\t\t\t\t\t\t\t\t\t<p>Con rivalsa del datore di lavoro si intende l\u2019azione che un\u2019azienda intraprende per recuperare i costi sostenuti\u00a0per il proprio dipendente che rimane\u00a0assente dal lavoro\u00a0a causa di un sinistro avvenuto per\u00a0responsabilit\u00e0 di un terzo.<\/p><p>Il caso tipico \u00e8 quello del\u00a0sinistro stradale, che pu\u00f2 accadere in itinere (ossia mentre il lavoratore si sposta per ragioni di lavoro, per recarsi o tornare dal luogo di lavoro)\u00a0ma anche in occasioni del tutto estranee all\u2019attivit\u00e0 lavorativa.<\/p><p>L\u2019aspetto principale \u00e8 che vi sia un terzo parzialmente o totalmente responsabile.<\/p><p>La richiesta di risarcimento riguarda le situazioni correnti, ma pu\u00f2 estendersi retroattivamente nell\u2019arco di cinque anni.\u00a0 <strong>\u00c8 possibile ottenere il\u00a0risarcimento\u00a0<\/strong>per il danno emergente e il lucro cessante.<\/p><p>Il\u00a0<strong>Danno Emergente<\/strong>\u00a0comprende:<\/p><p>l\u2019integrazione delle retribuzioni a carico dell\u2019azienda, i ratei di tredicesima, quattordicesima (ove prevista), TFR, ratei maturati di ferie, permessi ecc.<br \/>la contribuzione versata a vuoto (tipicamente INAIL, INPS\u2026)<br \/>costi accessori: costi per la sostituzione del lavoratore, costi per la formazione del sostituto ed altri costi che devono essere documentalmente dimostrati.<\/p><p>Il\u00a0<strong>Lucro Cessante<\/strong>\u00a0\u00e8 dato dal mancato guadagno e\/o perdita di chance dovuta alla mancanza del lavoratore e\/o alla sua insostituibilit\u00e0, ecc.\u00a0 Dovr\u00e0 essere provato e valutato caso per caso e varier\u00e0 in relazione a diversi fattori come: professionalit\u00e0 del lavoratore, giorni di assenza, ruolo apicale, ecc.<\/p><h6>Cosa fare per recuperare tali voci di danno?<\/h6><p>AIPE ha richiesto allo Studio Legale Avvocato Firmani ed a Ghiro Srl \u2013 servizi all\u2019impresa \u2013 di prendersi cura dei problemi in capo agli Associati.<\/p><p>Se negli ultimi\u00a05 anni\u00a0si rilevano casi simili a quelli brevemente esposti, \u00e8 possibile:<\/p><h6>Segnalare i casi allo Studio Legale Avvocato Firmani<\/h6><p><strong>Inviare i documenti che vi verranno richiesti per accertare la fattibilit\u00e0<\/strong><br \/>Il Socio, in accordo con l\u2019Avv. Firmani, potr\u00e0 richiedere lo sviluppo tecnico della quantificazione del danno all\u2019azienda Ghiro Srl.<br \/>Lo Studio Legale Avvocato Firmani si occuper\u00e0 della richiesta di risarcimento danni alla compagnia assicurativa del responsabile.<\/p><p>L\u2019Iter si concluder\u00e0 con la\u00a0liquidazione del danno\u00a0subito dall\u2019azienda da parte della compagnia assicurativa, comprensiva dei compensi dovuti agli interventi legali e tecnici sopra esposti.<\/p><p><strong>Il servizio \u00e8 completamente gratuito per i soci AIPE.<\/strong><\/p>\t\t\t\t\t\t\t\t<\/div>\n\t\t\t\t<\/div>\n\t\t\t\t\t<\/div>\n\t\t<\/div>\n\t\t\t\t<div class=\"elementor-column elementor-col-50 elementor-top-column elementor-element elementor-element-c0a5634\" data-id=\"c0a5634\" data-element_type=\"column\">\n\t\t\t<div class=\"elementor-widget-wrap elementor-element-populated\">\n\t\t\t\t\t\t<div class=\"elementor-element elementor-element-ff664da elementor-widget elementor-widget-image\" data-id=\"ff664da\" data-element_type=\"widget\" data-settings=\"{&quot;wdt_animation_effect&quot;:&quot;none&quot;}\" data-widget_type=\"image.default\">\n\t\t\t\t<div class=\"elementor-widget-container\">\n\t\t\t\t\t\t\t\t\t\t\t\t\t\t\t<img decoding=\"async\" width=\"300\" height=\"68\" src=\"https:\/\/aipe.it\/wp-content\/uploads\/2024\/08\/studio-firmani.png\" class=\"attachment-full size-full wp-image-12851\" alt=\"\" srcset=\"https:\/\/aipe.it\/wp-content\/uploads\/2024\/08\/studio-firmani.png 300w, https:\/\/aipe.it\/wp-content\/uploads\/2024\/08\/studio-firmani-18x4.png 18w\" sizes=\"(max-width: 300px) 100vw, 300px\" \/>\t\t\t\t\t\t\t\t\t\t\t\t\t\t\t<\/div>\n\t\t\t\t<\/div>\n\t\t\t\t<div class=\"elementor-element elementor-element-f586bd1 elementor-widget elementor-widget-text-editor\" data-id=\"f586bd1\" data-element_type=\"widget\" data-settings=\"{&quot;wdt_animation_effect&quot;:&quot;none&quot;}\" data-widget_type=\"text-editor.default\">\n\t\t\t\t<div class=\"elementor-widget-container\">\n\t\t\t\t\t\t\t\t\t<p>Lo studio legale dell\u2019Avv. Firmani \u00e8 specializzato in infortunistica e risarcimento danni.<\/p><p>Per le aziende associate ad AIPE lo studio fornisce assistenza in materia di\u00a0sinistri stradali nei quali rimanessero coinvolti mezzi di propriet\u00e0 dell\u2019azienda<\/p><p>ai danni subiti per responsabilit\u00e0 di terzi, oltre a servizi di gestione pratiche di indennizzo relative ad eventi assicurati.<\/p><p>In particolare, in caso di assenza del personale dipendente causata da responsabilit\u00e0 di terzi, anche incorsa nell\u2019ultimo quinquennio, lo studio si propone di agire per la cosiddetta\u00a0<strong><em>rivalsa del datore di lavoro per assenza dipendente<\/em><\/strong>\u00a0volta a recuperare i danni subiti dall\u2019Azienda.<\/p>\t\t\t\t\t\t\t\t<\/div>\n\t\t\t\t<\/div>\n\t\t\t\t<div class=\"elementor-element elementor-element-c0c8830 elementor-widget elementor-widget-text-editor\" data-id=\"c0c8830\" data-element_type=\"widget\" data-settings=\"{&quot;wdt_animation_effect&quot;:&quot;none&quot;}\" data-widget_type=\"text-editor.default\">\n\t\t\t\t<div class=\"elementor-widget-container\">\n\t\t\t\t\t\t\t\t\t<p><strong>CONTATTI<\/strong><\/p><p><em>Avv. Fabrizio Firmani<\/em><br \/>Tel.: 085.2058759 \u2013 FAX: 085.4220550<br \/>Cell.: 339.5223282<br \/>Sito internet:\u00a0<a href=\"http:\/\/www.avvocatofirmani.it\/\">www.avvocatofirmani.it<\/a><br \/>E.mail:\u00a0<a href=\"mailto:fabriziofirmani@virgilio.it\">fabriziofirmani@virgilio.it<\/a>\u00a0\u2013\u00a0<a href=\"mailto:firmanifabrizio@gmail.com\">firmanifabrizio@gmail.com<\/a><br \/>PEC:\u00a0<a href=\"mailto:avvfabriziofirmani@puntopec.it\">avvfabriziofirmani@puntopec.it<\/a><\/p>\t\t\t\t\t\t\t\t<\/div>\n\t\t\t\t<\/div>\n\t\t\t\t<div class=\"elementor-element elementor-element-c34ecc4 elementor-widget elementor-widget-spacer\" data-id=\"c34ecc4\" data-element_type=\"widget\" data-settings=\"{&quot;wdt_animation_effect&quot;:&quot;none&quot;}\" data-widget_type=\"spacer.default\">\n\t\t\t\t<div class=\"elementor-widget-container\">\n\t\t\t\t\t\t\t<div class=\"elementor-spacer\">\n\t\t\t<div class=\"elementor-spacer-inner\"><\/div>\n\t\t<\/div>\n\t\t\t\t\t\t<\/div>\n\t\t\t\t<\/div>\n\t\t\t\t<div class=\"elementor-element elementor-element-26b4565 elementor-widget-divider--view-line elementor-widget elementor-widget-divider\" data-id=\"26b4565\" data-element_type=\"widget\" data-settings=\"{&quot;wdt_animation_effect&quot;:&quot;none&quot;}\" data-widget_type=\"divider.default\">\n\t\t\t\t<div class=\"elementor-widget-container\">\n\t\t\t\t\t\t\t<div class=\"elementor-divider\">\n\t\t\t<span class=\"elementor-divider-separator\">\n\t\t\t\t\t\t<\/span>\n\t\t<\/div>\n\t\t\t\t\t\t<\/div>\n\t\t\t\t<\/div>\n\t\t\t\t<div class=\"elementor-element elementor-element-6feac42 elementor-widget elementor-widget-spacer\" data-id=\"6feac42\" data-element_type=\"widget\" data-settings=\"{&quot;wdt_animation_effect&quot;:&quot;none&quot;}\" data-widget_type=\"spacer.default\">\n\t\t\t\t<div class=\"elementor-widget-container\">\n\t\t\t\t\t\t\t<div class=\"elementor-spacer\">\n\t\t\t<div class=\"elementor-spacer-inner\"><\/div>\n\t\t<\/div>\n\t\t\t\t\t\t<\/div>\n\t\t\t\t<\/div>\n\t\t\t\t<div class=\"elementor-element elementor-element-b640201 elementor-widget elementor-widget-image\" data-id=\"b640201\" data-element_type=\"widget\" data-settings=\"{&quot;wdt_animation_effect&quot;:&quot;none&quot;}\" data-widget_type=\"image.default\">\n\t\t\t\t<div class=\"elementor-widget-container\">\n\t\t\t\t\t\t\t\t\t\t\t\t\t\t\t<img decoding=\"async\" width=\"135\" height=\"40\" src=\"https:\/\/aipe.it\/wp-content\/uploads\/2024\/08\/logoGhiro-e1522139499351.png\" class=\"attachment-full size-full wp-image-12858\" alt=\"\" srcset=\"https:\/\/aipe.it\/wp-content\/uploads\/2024\/08\/logoGhiro-e1522139499351.png 135w, https:\/\/aipe.it\/wp-content\/uploads\/2024\/08\/logoGhiro-e1522139499351-18x5.png 18w\" sizes=\"(max-width: 135px) 100vw, 135px\" \/>\t\t\t\t\t\t\t\t\t\t\t\t\t\t\t<\/div>\n\t\t\t\t<\/div>\n\t\t\t\t<div class=\"elementor-element elementor-element-ea4214a elementor-widget elementor-widget-text-editor\" data-id=\"ea4214a\" data-element_type=\"widget\" data-settings=\"{&quot;wdt_animation_effect&quot;:&quot;none&quot;}\" data-widget_type=\"text-editor.default\">\n\t\t\t\t<div class=\"elementor-widget-container\">\n\t\t\t\t\t\t\t\t\t<p>Un team di ingegneri specializzati nella\u00a0<strong>progettazione e gestione dei luoghi di lavoro e delle attivit\u00e0 in essi svolte<\/strong>\u00a0al fine di indirizzare la clientela verso l\u2019adozione di misure volte a garantire una maggiore\u00a0<strong>sicurezza<\/strong>\u00a0e\u00a0<strong>salute per i lavoratori<\/strong>. A questo fine vengono effettuati sopralluoghi sul posto e meeting con i clienti per\u00a0<strong>l\u2019individuazione dei pericoli e la valutazione dei rischi<\/strong>, con successiva definizione delle misure precauzionali o correttive da mettere in atto, mediante la stesura di\u00a0<strong>programmi di miglioramento<\/strong>.<\/p><p>Ghiro Srl fornisce inoltre:<\/p><ul><li>Analisi dei costi aziendali e controllo di gestione<\/li><li>Innovazione tecnologica di prodotti e di processo, consulenze tecnico scientifiche<\/li><li>Introduzione del sistema HACCP \u2013 igiene dei prodotti alimentari<\/li><\/ul><p>\u00a0<\/p><hr \/><p><strong>CONTATTI<\/strong><br \/><em>Ghiro Srl \u2013 Servizi all\u2019impresa\u00a0<\/em><br \/>Via Crispi 19 21100 Varese<br \/>Tel.: 0332 804723 FAX: 0332 238393<br \/>E-mail: info@ghirosrl.it<br \/>Pec: ghiro.srl@legalmail.it<\/p>\t\t\t\t\t\t\t\t<\/div>\n\t\t\t\t<\/div>\n\t\t\t\t\t<\/div>\n\t\t<\/div>\n\t\t\t\t\t<\/div>\n\t\t<\/section>\n\t\t\t\t<\/div>","protected":false},"excerpt":{"rendered":"<p>La rivalsa del datore di lavoro Con rivalsa del datore di lavoro si intende l\u2019azione che un\u2019azienda intraprende per recuperare i costi sostenuti\u00a0per il proprio dipendente che rimane\u00a0assente dal lavoro\u00a0a [&hellip;]<\/p>","protected":false},"author":1,"featured_media":0,"parent":12760,"menu_order":0,"comment_status":"closed","ping_status":"closed","template":"","meta":{"footnotes":""},"class_list":["post-12845","page","type-page","status-publish","hentry"],"yoast_head":"<!-- This site is optimized with the Yoast SEO plugin v26.5 - https:\/\/yoast.com\/wordpress\/plugins\/seo\/ -->\n<title>Assistenza Legale - AIPE<\/title>\n<meta name=\"robots\" content=\"index, follow, max-snippet:-1, max-image-preview:large, max-video-preview:-1\" \/>\n<link rel=\"canonical\" href=\"https:\/\/aipe.it\/en\/consulenza\/assistenza-legale\/\" \/>\n<meta property=\"og:locale\" content=\"en_GB\" \/>\n<meta property=\"og:type\" content=\"article\" \/>\n<meta property=\"og:title\" content=\"Assistenza Legale - AIPE\" \/>\n<meta property=\"og:description\" content=\"La rivalsa del datore di lavoro Con rivalsa del datore di lavoro si intende l\u2019azione che un\u2019azienda intraprende per recuperare i costi sostenuti\u00a0per il proprio dipendente che rimane\u00a0assente dal lavoro\u00a0a [&hellip;]\" \/>\n<meta property=\"og:url\" content=\"https:\/\/aipe.it\/en\/consulenza\/assistenza-legale\/\" \/>\n<meta property=\"og:site_name\" content=\"AIPE\" \/>\n<meta property=\"article:publisher\" content=\"https:\/\/www.facebook.com\/associazioneaipe\" \/>\n<meta property=\"article:modified_time\" content=\"2024-08-18T10:23:21+00:00\" \/>\n<meta property=\"og:image\" content=\"https:\/\/aipe.it\/wp-content\/uploads\/2024\/08\/studio-firmani.png\" \/>\n\t<meta property=\"og:image:width\" content=\"300\" \/>\n\t<meta property=\"og:image:height\" content=\"68\" \/>\n\t<meta property=\"og:image:type\" content=\"image\/png\" \/>\n<meta name=\"twitter:card\" content=\"summary_large_image\" \/>\n<meta name=\"twitter:label1\" content=\"Estimated reading time\" \/>\n\t<meta name=\"twitter:data1\" content=\"3 minutes\" \/>\n<script type=\"application\/ld+json\" class=\"yoast-schema-graph\">{\"@context\":\"https:\/\/schema.org\",\"@graph\":[{\"@type\":\"WebPage\",\"@id\":\"https:\/\/aipe.it\/consulenza\/assistenza-legale\/\",\"url\":\"https:\/\/aipe.it\/consulenza\/assistenza-legale\/\",\"name\":\"Assistenza Legale - AIPE\",\"isPartOf\":{\"@id\":\"https:\/\/aipe.it\/#website\"},\"primaryImageOfPage\":{\"@id\":\"https:\/\/aipe.it\/consulenza\/assistenza-legale\/#primaryimage\"},\"image\":{\"@id\":\"https:\/\/aipe.it\/consulenza\/assistenza-legale\/#primaryimage\"},\"thumbnailUrl\":\"https:\/\/aipe.it\/wp-content\/uploads\/2024\/08\/studio-firmani.png\",\"datePublished\":\"2024-08-17T16:34:08+00:00\",\"dateModified\":\"2024-08-18T10:23:21+00:00\",\"breadcrumb\":{\"@id\":\"https:\/\/aipe.it\/consulenza\/assistenza-legale\/#breadcrumb\"},\"inLanguage\":\"en-GB\",\"potentialAction\":[{\"@type\":\"ReadAction\",\"target\":[\"https:\/\/aipe.it\/consulenza\/assistenza-legale\/\"]}]},{\"@type\":\"ImageObject\",\"inLanguage\":\"en-GB\",\"@id\":\"https:\/\/aipe.it\/consulenza\/assistenza-legale\/#primaryimage\",\"url\":\"https:\/\/aipe.it\/wp-content\/uploads\/2024\/08\/studio-firmani.png\",\"contentUrl\":\"https:\/\/aipe.it\/wp-content\/uploads\/2024\/08\/studio-firmani.png\"},{\"@type\":\"BreadcrumbList\",\"@id\":\"https:\/\/aipe.it\/consulenza\/assistenza-legale\/#breadcrumb\",\"itemListElement\":[{\"@type\":\"ListItem\",\"position\":1,\"name\":\"Home\",\"item\":\"https:\/\/aipe.it\/\"},{\"@type\":\"ListItem\",\"position\":2,\"name\":\"Consulenza\",\"item\":\"https:\/\/aipe.it\/consulenza\/\"},{\"@type\":\"ListItem\",\"position\":3,\"name\":\"Assistenza Legale\"}]},{\"@type\":\"WebSite\",\"@id\":\"https:\/\/aipe.it\/#website\",\"url\":\"https:\/\/aipe.it\/\",\"name\":\"AIPE\",\"description\":\"Associazione Italiana Pressure Equipment\",\"publisher\":{\"@id\":\"https:\/\/aipe.it\/#organization\"},\"potentialAction\":[{\"@type\":\"SearchAction\",\"target\":{\"@type\":\"EntryPoint\",\"urlTemplate\":\"https:\/\/aipe.it\/?s={search_term_string}\"},\"query-input\":{\"@type\":\"PropertyValueSpecification\",\"valueRequired\":true,\"valueName\":\"search_term_string\"}}],\"inLanguage\":\"en-GB\"},{\"@type\":\"Organization\",\"@id\":\"https:\/\/aipe.it\/#organization\",\"name\":\"AIPE\",\"url\":\"https:\/\/aipe.it\/\",\"logo\":{\"@type\":\"ImageObject\",\"inLanguage\":\"en-GB\",\"@id\":\"https:\/\/aipe.it\/#\/schema\/logo\/image\/\",\"url\":\"https:\/\/aipe.it\/wp-content\/uploads\/2025\/07\/cropped-aipe_4x4.png\",\"contentUrl\":\"https:\/\/aipe.it\/wp-content\/uploads\/2025\/07\/cropped-aipe_4x4.png\",\"width\":472,\"height\":472,\"caption\":\"AIPE\"},\"image\":{\"@id\":\"https:\/\/aipe.it\/#\/schema\/logo\/image\/\"},\"sameAs\":[\"https:\/\/www.facebook.com\/associazioneaipe\",\"https:\/\/www.linkedin.com\/company\/aipe\",\"https:\/\/www.instagram.com\/aipe_pressureequipment\/\",\"https:\/\/www.youtube.com\/@associazioneaipe266\"]}]}<\/script>\n<!-- \/ Yoast SEO plugin. -->","yoast_head_json":{"title":"Assistenza Legale - AIPE","robots":{"index":"index","follow":"follow","max-snippet":"max-snippet:-1","max-image-preview":"max-image-preview:large","max-video-preview":"max-video-preview:-1"},"canonical":"https:\/\/aipe.it\/en\/consulenza\/assistenza-legale\/","og_locale":"en_GB","og_type":"article","og_title":"Assistenza Legale - AIPE","og_description":"La rivalsa del datore di lavoro Con rivalsa del datore di lavoro si intende l\u2019azione che un\u2019azienda intraprende per recuperare i costi sostenuti\u00a0per il proprio dipendente che rimane\u00a0assente dal lavoro\u00a0a [&hellip;]","og_url":"https:\/\/aipe.it\/en\/consulenza\/assistenza-legale\/","og_site_name":"AIPE","article_publisher":"https:\/\/www.facebook.com\/associazioneaipe","article_modified_time":"2024-08-18T10:23:21+00:00","og_image":[{"width":300,"height":68,"url":"https:\/\/aipe.it\/wp-content\/uploads\/2024\/08\/studio-firmani.png","type":"image\/png"}],"twitter_card":"summary_large_image","twitter_misc":{"Estimated reading time":"3 minutes"},"schema":{"@context":"https:\/\/schema.org","@graph":[{"@type":"WebPage","@id":"https:\/\/aipe.it\/consulenza\/assistenza-legale\/","url":"https:\/\/aipe.it\/consulenza\/assistenza-legale\/","name":"Assistenza Legale - AIPE","isPartOf":{"@id":"https:\/\/aipe.it\/#website"},"primaryImageOfPage":{"@id":"https:\/\/aipe.it\/consulenza\/assistenza-legale\/#primaryimage"},"image":{"@id":"https:\/\/aipe.it\/consulenza\/assistenza-legale\/#primaryimage"},"thumbnailUrl":"https:\/\/aipe.it\/wp-content\/uploads\/2024\/08\/studio-firmani.png","datePublished":"2024-08-17T16:34:08+00:00","dateModified":"2024-08-18T10:23:21+00:00","breadcrumb":{"@id":"https:\/\/aipe.it\/consulenza\/assistenza-legale\/#breadcrumb"},"inLanguage":"en-GB","potentialAction":[{"@type":"ReadAction","target":["https:\/\/aipe.it\/consulenza\/assistenza-legale\/"]}]},{"@type":"ImageObject","inLanguage":"en-GB","@id":"https:\/\/aipe.it\/consulenza\/assistenza-legale\/#primaryimage","url":"https:\/\/aipe.it\/wp-content\/uploads\/2024\/08\/studio-firmani.png","contentUrl":"https:\/\/aipe.it\/wp-content\/uploads\/2024\/08\/studio-firmani.png"},{"@type":"BreadcrumbList","@id":"https:\/\/aipe.it\/consulenza\/assistenza-legale\/#breadcrumb","itemListElement":[{"@type":"ListItem","position":1,"name":"Home","item":"https:\/\/aipe.it\/"},{"@type":"ListItem","position":2,"name":"Consulenza","item":"https:\/\/aipe.it\/consulenza\/"},{"@type":"ListItem","position":3,"name":"Assistenza Legale"}]},{"@type":"WebSite","@id":"https:\/\/aipe.it\/#website","url":"https:\/\/aipe.it\/","name":"AIPE","description":"Associazione Italiana Pressure Equipment","publisher":{"@id":"https:\/\/aipe.it\/#organization"},"potentialAction":[{"@type":"SearchAction","target":{"@type":"EntryPoint","urlTemplate":"https:\/\/aipe.it\/?s={search_term_string}"},"query-input":{"@type":"PropertyValueSpecification","valueRequired":true,"valueName":"search_term_string"}}],"inLanguage":"en-GB"},{"@type":"Organization","@id":"https:\/\/aipe.it\/#organization","name":"AIPE","url":"https:\/\/aipe.it\/","logo":{"@type":"ImageObject","inLanguage":"en-GB","@id":"https:\/\/aipe.it\/#\/schema\/logo\/image\/","url":"https:\/\/aipe.it\/wp-content\/uploads\/2025\/07\/cropped-aipe_4x4.png","contentUrl":"https:\/\/aipe.it\/wp-content\/uploads\/2025\/07\/cropped-aipe_4x4.png","width":472,"height":472,"caption":"AIPE"},"image":{"@id":"https:\/\/aipe.it\/#\/schema\/logo\/image\/"},"sameAs":["https:\/\/www.facebook.com\/associazioneaipe","https:\/\/www.linkedin.com\/company\/aipe","https:\/\/www.instagram.com\/aipe_pressureequipment\/","https:\/\/www.youtube.com\/@associazioneaipe266"]}]}},"_links":{"self":[{"href":"https:\/\/aipe.it\/en\/wp-json\/wp\/v2\/pages\/12845","targetHints":{"allow":["GET"]}}],"collection":[{"href":"https:\/\/aipe.it\/en\/wp-json\/wp\/v2\/pages"}],"about":[{"href":"https:\/\/aipe.it\/en\/wp-json\/wp\/v2\/types\/page"}],"author":[{"embeddable":true,"href":"https:\/\/aipe.it\/en\/wp-json\/wp\/v2\/users\/1"}],"replies":[{"embeddable":true,"href":"https:\/\/aipe.it\/en\/wp-json\/wp\/v2\/comments?post=12845"}],"version-history":[{"count":0,"href":"https:\/\/aipe.it\/en\/wp-json\/wp\/v2\/pages\/12845\/revisions"}],"up":[{"embeddable":true,"href":"https:\/\/aipe.it\/en\/wp-json\/wp\/v2\/pages\/12760"}],"wp:attachment":[{"href":"https:\/\/aipe.it\/en\/wp-json\/wp\/v2\/media?parent=12845"}],"curies":[{"name":"wp","href":"https:\/\/api.w.org\/{rel}","templated":true}]}}