{"id":12956,"date":"2024-08-18T16:04:48","date_gmt":"2024-08-18T14:04:48","guid":{"rendered":"https:\/\/www.webdesign-outlet.it\/aipe\/?page_id=12956"},"modified":"2024-08-18T16:08:50","modified_gmt":"2024-08-18T14:08:50","slug":"cookie-policy","status":"publish","type":"page","link":"https:\/\/aipe.it\/en\/cookie-policy\/","title":{"rendered":"Cookie Policy"},"content":{"rendered":"<div data-elementor-type=\"wp-page\" data-elementor-id=\"12956\" class=\"elementor elementor-12956\">\n\t\t\t\t\t\t<section class=\"elementor-section elementor-top-section elementor-element elementor-element-4e405cb elementor-section-boxed elementor-section-height-default elementor-section-height-default\" data-id=\"4e405cb\" data-element_type=\"section\" data-settings=\"{&quot;wdt_bg_image&quot;:{&quot;url&quot;:&quot;&quot;,&quot;id&quot;:&quot;&quot;,&quot;size&quot;:&quot;&quot;},&quot;wdt_bg_image_laptop&quot;:{&quot;url&quot;:&quot;&quot;,&quot;id&quot;:&quot;&quot;,&quot;size&quot;:&quot;&quot;},&quot;wdt_bg_image_tablet_extra&quot;:{&quot;url&quot;:&quot;&quot;,&quot;id&quot;:&quot;&quot;,&quot;size&quot;:&quot;&quot;},&quot;wdt_bg_image_tablet&quot;:{&quot;url&quot;:&quot;&quot;,&quot;id&quot;:&quot;&quot;,&quot;size&quot;:&quot;&quot;},&quot;wdt_bg_image_mobile_extra&quot;:{&quot;url&quot;:&quot;&quot;,&quot;id&quot;:&quot;&quot;,&quot;size&quot;:&quot;&quot;},&quot;wdt_bg_image_mobile&quot;:{&quot;url&quot;:&quot;&quot;,&quot;id&quot;:&quot;&quot;,&quot;size&quot;:&quot;&quot;},&quot;wdt_bg_position&quot;:&quot;center center&quot;,&quot;wdt_animation_effect&quot;:&quot;none&quot;}\">\n\t\t\t\t\t\t<div class=\"elementor-container elementor-column-gap-default\">\n\t\t\t\t\t<div class=\"elementor-column elementor-col-100 elementor-top-column elementor-element elementor-element-751bb8f\" data-id=\"751bb8f\" data-element_type=\"column\">\n\t\t\t<div class=\"elementor-widget-wrap elementor-element-populated\">\n\t\t\t\t\t\t<div class=\"elementor-element elementor-element-499822e elementor-widget elementor-widget-text-editor\" data-id=\"499822e\" data-element_type=\"widget\" data-settings=\"{&quot;wdt_animation_effect&quot;:&quot;none&quot;}\" data-widget_type=\"text-editor.default\">\n\t\t\t\t<div class=\"elementor-widget-container\">\n\t\t\t\t\t\t\t\t\t<h2>Cookie policy AIPE<\/h2><p>La presente cookie policy resa dall\u2019Associazione Italiana Pressure Equipment, in qualit\u00e0 di Titolare, ha lo scopo di illustrare le tipologie e le finalit\u00e0 dei cookies utilizzati e di consentirti di manifestare le tue preferenze in merito all\u2019uso dei cookie.<br \/>Il sito www.aipe.it utilizza cookies per rendere l\u2019esperienza di navigazione dell\u2019utente pi\u00f9 facile e intuitiva: i cookies sono piccole stringhe di testo utilizzate per memorizzare alcune informazioni che possono riguardare l\u2019utente, le sue preferenze o il dispositivo di accesso a Internet (computer, tablet o cellulare) e vengono utilizzate principalmente per adeguare il funzionamento del sito alle aspettative dell\u2019utente, offrendo un\u2019esperienza di navigazione pi\u00f9 personalizzata e memorizzando le scelte effettuate in precedenza.<br \/>Un cookie consiste in un ridotto insieme di dati trasferiti al browser dell\u2019utente da un server web e pu\u00f2 essere letto unicamente dal server che ha effettuato il trasferimento. Non si tratta di codice eseguibile e non trasmette virus.<br \/>I cookies non registrano alcuna informazione personale e gli eventuali dati identificabili non verranno memorizzati. Se si desidera, \u00e8 possibile impedire il salvataggio di alcuni o tutti i cookie. Tuttavia, in questo caso l\u2019utilizzo del sito e dei servizi offerti potrebbe risultarne compromesso. Per procedere senza modificare le opzioni relative ai cookies \u00e8 sufficiente continuare con la navigazione.<br \/>Il presente sito fa uso delle seguenti categorie di cookie:<br \/>\u2022 <strong>cookies tecnici<\/strong>: Questi file sono essenziali al funzionamento corretto ed agevole del sito stesso e, per questo motivo, la normativa emanata dal Garante della Privacy non richiede un\u2019autorizzazione dell\u2019utente per consentirne l\u2019utilizzo. I cookie di sessione non contengono dati personali e durano per la sola sessione in corso, cio\u00e8 fino alla chiusura del browser o fino all\u2019erogazione del servizio;<br \/>\u2022 <strong>functionality cookies<\/strong>: strettamente necessari per l\u2019uso del sito, in particolare collegati ad una espressa richiesta di funzionalit\u00e0 da parte dell\u2019utente (come il Login). Per essi non occorre consenso;<br \/>\u2022 <strong>cookies di tipo statistico<\/strong>: utilizzati per verificare il corretto funzionamento del sito e il comportamento degli utenti al solo fine di ottimizzare il sito.<\/p><p>\u00a0<\/p><h3>Google Analytics<\/h3><p>Il sito potrebbe includere anche componenti trasmesse da Google Analytics, un servizio di analisi del traffico web fornito da Google, Inc. (\u201cGoogle\u201d). Tali cookie sono usati al solo fine di monitorare e migliorare le prestazioni del sito. Per ulteriori informazioni, si rinvia al link di seguito indicato:<br \/><a href=\"https:\/\/www.google.it\/policies\/privacy\/partners\/\">https:\/\/www.google.it\/policies\/privacy\/partners\/<\/a><br \/>L\u2019utente pu\u00f2 disabilitare in modo selettivo l\u2019azione di Google Analytics installando sul proprio browser la componente di opt-out fornito da Google. Per disabilitare l\u2019azione di Google Analytics, si rinvia al link di seguito indicato:<br \/><a href=\"https:\/\/tools.google.com\/dlpage\/gaoptout\">https:\/\/tools.google.com\/dlpage\/gaoptout<\/a><br \/>Per la disattivazione\/cancellazione\/gestione, fare riferimento al successivo paragrafo \u201cDisabilitazione dei cookie\u201d<\/p><p>\u00a0<\/p><h3><strong>Disabilitazione cookie<\/strong><\/h3><p>I cookies sono collegati al browser utilizzato e POSSONO ESSERE DISABILITATI DIRETTAMENTE DAL BROWSER, cos\u00ec rifiutando\/revocando il consenso all\u2019uso dei cookie. La disabilitazione dei cookies potrebbe impedire il corretto utilizzo di alcune funzioni del sito stesso, in particolare non saranno visualizzabili i social plugin e le mappe di Google.<br \/>Le istruzioni per la disabilitazione dei cookies, e per l\u2019eventuale eliminazione di cookies gi\u00e0 presenti sul dispositivo dell\u2019utente, si trovano alle seguenti pagine web:<\/p><p>Mozilla Firefox:\u00a0<a href=\"https:\/\/support.mozilla.org\/it\/kb\/Gestione%20dei%20cookie\">https:\/\/support.mozilla.org\/it\/kb\/Gestione%20dei%20cookie<\/a><br \/>Google Chrome:\u00a0<a href=\"https:\/\/support.google.com\/chrome\/answer\/95647?hl=it\">https:\/\/support.google.com\/chrome\/answer\/95647?hl=it<\/a><br \/>Internet Explorer:\u00a0<a href=\"http:\/\/windows.microsoft.com\/it-it\/windows-vista\/block-or-allow-cookies\">http:\/\/windows.microsoft.com\/it-it\/windows-vista\/block-or-allow-cookies<\/a><br \/>Safari 6\/7 Mavericks:\u00a0<a href=\"https:\/\/support.apple.com\/kb\/PH17191?viewlocale=it_IT&amp;locale=it_IT\">https:\/\/support.apple.com\/kb\/PH17191?viewlocale=it_IT&amp;locale=it_IT<\/a><br \/>Safari 8 Yosemite:\u00a0<a href=\"https:\/\/support.apple.com\/kb\/PH19214?viewlocale=it_IT&amp;locale=it_IT\">https:\/\/support.apple.com\/kb\/PH19214?viewlocale=it_IT&amp;locale=it_IT<\/a><br \/>Safari su iPhone, iPad, o iPod touch:\u00a0<a href=\"https:\/\/support.apple.com\/it-it\/HT201265\">https:\/\/support.apple.com\/it-it\/HT201265<\/a><br \/>\u00c8 possibile trovare ulteriori informazioni sui cookie e su come gestirli consultando il sito\u00a0<a href=\"http:\/\/www.aboutcookies.org\/\">http:\/\/www.aboutcookies.org<\/a>\u00a0e\u00a0<a href=\"http:\/\/www.youronlinechoiches.com\/\">http:\/\/www.youronlinechoiches.com<\/a><\/p><h3>\u00a0<\/h3><h3>Cookies di Terze Parti<\/h3><p>Il presente sito funge anche da intermediario per cookie di terze parti (come i pulsanti per i social network), utilizzati per poter fornire ulteriori servizi e funzionalit\u00e0 ai visitatori e per migliorare l\u2019uso del sito stesso. La presente privacy policy non si applica ai servizi forniti da terze parti, e questo sito non ha alcun controllo sui loro cookie, interamente gestiti dalle terze parti. Il contratto di cessione dati avviene direttamente tra l\u2019utente\/visitatore e le terze parti, per cui l\u2019acquisizione del consenso per detti cookie \u00e8 a carico delle terze parti. Le informazioni sull\u2019uso dei detti cookie e sulle finalit\u00e0 degli stessi, nonch\u00e9 sulle modalit\u00e0 per l\u2019eventuale disabilitazione, sono fornite direttamente dalle terze parti.<\/p><p>Di seguito la lista dei cookies di terza parte per il sito www.aipe.it :<\/p><p>\u2022 Nome cookie: _ga terza parte-cookie statistico<br \/>\u2022 Nome cookie: _gid terza parte-cookie statistico<br \/>\u2022 Nome cookie: _gat terza parte-cookie statistico<\/p><p>\u00a0<\/p><h3>Diritti dell\u2019interessato<\/h3><p>In ogni momento si potr\u00e0 esercitare i propri diritti nei confronti del Titolare del Trattamento ai sensi degli art.15-21 del GDPR, ovvero potr\u00e0 ottenere conferma dell\u2019esistenza o meno di dati personali che lo riguardano e di conoscerne il contenuto e l\u2019origine, verificarne l\u2019esattezza o chiederne l\u2019integrazione o l\u2019aggiornamento, oppure la rettificazione. Ai sensi dei medesimi articoli, ha anche il diritto di chiedere la cancellazione, la trasformazione in forma anonima o il blocco dei dati trattati in violazione di legge, di opporsi per motivi legittimi al loro trattamento, di opporsi al trattamento dei medesimi dati ai fini di invio di materiali pubblicitario o di vendita diretta o per il compimento di ricerche di mercato o di comunicazione commerciale. Per l\u2019esercizio di tali diritti, o per ottenere qualsiasi altra informazione in merito, le richieste vanno rivolte a: comunicazione[at]aipe.it<\/p><p>\u00a0<\/p><h3>Siti di terze parti<\/h3><p>I siti di terze parti a cui \u00e8 possibile accedere tramite questo sito web non sono coperti dalla presente informativa. AIPE declina ogni responsabilit\u00e0 in merito ad essi. Le categorie di cookie utilizzate e il tipo di trattamento di dati personali da parte di queste aziende sono regolati in conformit\u00e0 all\u2019informativa resa da questa azienda.<\/p><p>\u00a0<\/p><h3>Titolare del Trattamento<\/h3><p>Il Titolare del trattamento \u00e8 AIPE- Via Palermo 28, 00184 Roma \u2013 P.IVA 13003551002 \u2013 C.F. 97806780587 \u2013 Tel: 06.4817721, www.aipe.it \u2013 info[at]aipe.it nella persona del suo legale rappresentante pro tempore.<strong>Privacy and information on personal data usage (GDPR)<\/strong><\/p><p>\u00a0<\/p>\t\t\t\t\t\t\t\t<\/div>\n\t\t\t\t<\/div>\n\t\t\t\t\t<\/div>\n\t\t<\/div>\n\t\t\t\t\t<\/div>\n\t\t<\/section>\n\t\t\t\t<\/div>","protected":false},"excerpt":{"rendered":"<p>Cookie policy AIPE La presente cookie policy resa dall\u2019Associazione Italiana Pressure Equipment, in qualit\u00e0 di Titolare, ha lo scopo di illustrare le tipologie e le finalit\u00e0 dei cookies utilizzati e [&hellip;]<\/p>","protected":false},"author":1,"featured_media":0,"parent":0,"menu_order":0,"comment_status":"closed","ping_status":"closed","template":"","meta":{"footnotes":""},"class_list":["post-12956","page","type-page","status-publish","hentry"],"yoast_head":"<!-- This site is optimized with the Yoast SEO plugin v26.5 - https:\/\/yoast.com\/wordpress\/plugins\/seo\/ -->\n<title>Cookie Policy - AIPE<\/title>\n<meta name=\"robots\" content=\"index, follow, max-snippet:-1, max-image-preview:large, max-video-preview:-1\" \/>\n<link rel=\"canonical\" href=\"https:\/\/aipe.it\/en\/cookie-policy\/\" \/>\n<meta property=\"og:locale\" content=\"en_GB\" \/>\n<meta property=\"og:type\" content=\"article\" \/>\n<meta property=\"og:title\" content=\"Cookie Policy - AIPE\" \/>\n<meta property=\"og:description\" content=\"Cookie policy AIPE La presente cookie policy resa dall\u2019Associazione Italiana Pressure Equipment, in qualit\u00e0 di Titolare, ha lo scopo di illustrare le tipologie e le finalit\u00e0 dei cookies utilizzati e [&hellip;]\" \/>\n<meta property=\"og:url\" content=\"https:\/\/aipe.it\/en\/cookie-policy\/\" \/>\n<meta property=\"og:site_name\" content=\"AIPE\" \/>\n<meta property=\"article:publisher\" content=\"https:\/\/www.facebook.com\/associazioneaipe\" \/>\n<meta property=\"article:modified_time\" content=\"2024-08-18T14:08:50+00:00\" \/>\n<meta name=\"twitter:card\" content=\"summary_large_image\" \/>\n<meta name=\"twitter:label1\" content=\"Estimated reading time\" \/>\n\t<meta name=\"twitter:data1\" content=\"5 minutes\" \/>\n<script type=\"application\/ld+json\" class=\"yoast-schema-graph\">{\"@context\":\"https:\/\/schema.org\",\"@graph\":[{\"@type\":\"WebPage\",\"@id\":\"https:\/\/aipe.it\/cookie-policy\/\",\"url\":\"https:\/\/aipe.it\/cookie-policy\/\",\"name\":\"Cookie Policy - AIPE\",\"isPartOf\":{\"@id\":\"https:\/\/aipe.it\/#website\"},\"datePublished\":\"2024-08-18T14:04:48+00:00\",\"dateModified\":\"2024-08-18T14:08:50+00:00\",\"breadcrumb\":{\"@id\":\"https:\/\/aipe.it\/cookie-policy\/#breadcrumb\"},\"inLanguage\":\"en-GB\",\"potentialAction\":[{\"@type\":\"ReadAction\",\"target\":[\"https:\/\/aipe.it\/cookie-policy\/\"]}]},{\"@type\":\"BreadcrumbList\",\"@id\":\"https:\/\/aipe.it\/cookie-policy\/#breadcrumb\",\"itemListElement\":[{\"@type\":\"ListItem\",\"position\":1,\"name\":\"Home\",\"item\":\"https:\/\/aipe.it\/\"},{\"@type\":\"ListItem\",\"position\":2,\"name\":\"Cookie Policy\"}]},{\"@type\":\"WebSite\",\"@id\":\"https:\/\/aipe.it\/#website\",\"url\":\"https:\/\/aipe.it\/\",\"name\":\"AIPE\",\"description\":\"Associazione Italiana Pressure Equipment\",\"publisher\":{\"@id\":\"https:\/\/aipe.it\/#organization\"},\"potentialAction\":[{\"@type\":\"SearchAction\",\"target\":{\"@type\":\"EntryPoint\",\"urlTemplate\":\"https:\/\/aipe.it\/?s={search_term_string}\"},\"query-input\":{\"@type\":\"PropertyValueSpecification\",\"valueRequired\":true,\"valueName\":\"search_term_string\"}}],\"inLanguage\":\"en-GB\"},{\"@type\":\"Organization\",\"@id\":\"https:\/\/aipe.it\/#organization\",\"name\":\"AIPE\",\"url\":\"https:\/\/aipe.it\/\",\"logo\":{\"@type\":\"ImageObject\",\"inLanguage\":\"en-GB\",\"@id\":\"https:\/\/aipe.it\/#\/schema\/logo\/image\/\",\"url\":\"https:\/\/aipe.it\/wp-content\/uploads\/2025\/07\/cropped-aipe_4x4.png\",\"contentUrl\":\"https:\/\/aipe.it\/wp-content\/uploads\/2025\/07\/cropped-aipe_4x4.png\",\"width\":472,\"height\":472,\"caption\":\"AIPE\"},\"image\":{\"@id\":\"https:\/\/aipe.it\/#\/schema\/logo\/image\/\"},\"sameAs\":[\"https:\/\/www.facebook.com\/associazioneaipe\",\"https:\/\/www.linkedin.com\/company\/aipe\",\"https:\/\/www.instagram.com\/aipe_pressureequipment\/\",\"https:\/\/www.youtube.com\/@associazioneaipe266\"]}]}<\/script>\n<!-- \/ Yoast SEO plugin. -->","yoast_head_json":{"title":"Cookie Policy - AIPE","robots":{"index":"index","follow":"follow","max-snippet":"max-snippet:-1","max-image-preview":"max-image-preview:large","max-video-preview":"max-video-preview:-1"},"canonical":"https:\/\/aipe.it\/en\/cookie-policy\/","og_locale":"en_GB","og_type":"article","og_title":"Cookie Policy - AIPE","og_description":"Cookie policy AIPE La presente cookie policy resa dall\u2019Associazione Italiana Pressure Equipment, in qualit\u00e0 di Titolare, ha lo scopo di illustrare le tipologie e le finalit\u00e0 dei cookies utilizzati e [&hellip;]","og_url":"https:\/\/aipe.it\/en\/cookie-policy\/","og_site_name":"AIPE","article_publisher":"https:\/\/www.facebook.com\/associazioneaipe","article_modified_time":"2024-08-18T14:08:50+00:00","twitter_card":"summary_large_image","twitter_misc":{"Estimated reading time":"5 minutes"},"schema":{"@context":"https:\/\/schema.org","@graph":[{"@type":"WebPage","@id":"https:\/\/aipe.it\/cookie-policy\/","url":"https:\/\/aipe.it\/cookie-policy\/","name":"Cookie Policy - AIPE","isPartOf":{"@id":"https:\/\/aipe.it\/#website"},"datePublished":"2024-08-18T14:04:48+00:00","dateModified":"2024-08-18T14:08:50+00:00","breadcrumb":{"@id":"https:\/\/aipe.it\/cookie-policy\/#breadcrumb"},"inLanguage":"en-GB","potentialAction":[{"@type":"ReadAction","target":["https:\/\/aipe.it\/cookie-policy\/"]}]},{"@type":"BreadcrumbList","@id":"https:\/\/aipe.it\/cookie-policy\/#breadcrumb","itemListElement":[{"@type":"ListItem","position":1,"name":"Home","item":"https:\/\/aipe.it\/"},{"@type":"ListItem","position":2,"name":"Cookie Policy"}]},{"@type":"WebSite","@id":"https:\/\/aipe.it\/#website","url":"https:\/\/aipe.it\/","name":"AIPE","description":"Associazione Italiana Pressure Equipment","publisher":{"@id":"https:\/\/aipe.it\/#organization"},"potentialAction":[{"@type":"SearchAction","target":{"@type":"EntryPoint","urlTemplate":"https:\/\/aipe.it\/?s={search_term_string}"},"query-input":{"@type":"PropertyValueSpecification","valueRequired":true,"valueName":"search_term_string"}}],"inLanguage":"en-GB"},{"@type":"Organization","@id":"https:\/\/aipe.it\/#organization","name":"AIPE","url":"https:\/\/aipe.it\/","logo":{"@type":"ImageObject","inLanguage":"en-GB","@id":"https:\/\/aipe.it\/#\/schema\/logo\/image\/","url":"https:\/\/aipe.it\/wp-content\/uploads\/2025\/07\/cropped-aipe_4x4.png","contentUrl":"https:\/\/aipe.it\/wp-content\/uploads\/2025\/07\/cropped-aipe_4x4.png","width":472,"height":472,"caption":"AIPE"},"image":{"@id":"https:\/\/aipe.it\/#\/schema\/logo\/image\/"},"sameAs":["https:\/\/www.facebook.com\/associazioneaipe","https:\/\/www.linkedin.com\/company\/aipe","https:\/\/www.instagram.com\/aipe_pressureequipment\/","https:\/\/www.youtube.com\/@associazioneaipe266"]}]}},"_links":{"self":[{"href":"https:\/\/aipe.it\/en\/wp-json\/wp\/v2\/pages\/12956","targetHints":{"allow":["GET"]}}],"collection":[{"href":"https:\/\/aipe.it\/en\/wp-json\/wp\/v2\/pages"}],"about":[{"href":"https:\/\/aipe.it\/en\/wp-json\/wp\/v2\/types\/page"}],"author":[{"embeddable":true,"href":"https:\/\/aipe.it\/en\/wp-json\/wp\/v2\/users\/1"}],"replies":[{"embeddable":true,"href":"https:\/\/aipe.it\/en\/wp-json\/wp\/v2\/comments?post=12956"}],"version-history":[{"count":0,"href":"https:\/\/aipe.it\/en\/wp-json\/wp\/v2\/pages\/12956\/revisions"}],"wp:attachment":[{"href":"https:\/\/aipe.it\/en\/wp-json\/wp\/v2\/media?parent=12956"}],"curies":[{"name":"wp","href":"https:\/\/api.w.org\/{rel}","templated":true}]}}