{"id":1617,"date":"2024-06-19T17:48:23","date_gmt":"2024-06-19T15:48:23","guid":{"rendered":"https:\/\/www.webdesign-outlet.it\/aipe\/?page_id=1617"},"modified":"2025-07-08T09:22:00","modified_gmt":"2025-07-08T07:22:00","slug":"attivita","status":"publish","type":"page","link":"https:\/\/aipe.it\/en\/attivita\/","title":{"rendered":"Activities"},"content":{"rendered":"<div data-elementor-type=\"wp-page\" data-elementor-id=\"1617\" class=\"elementor elementor-1617\">\n\t\t\t\t\t\t<section class=\"elementor-section elementor-top-section elementor-element elementor-element-050cdfa elementor-section-boxed elementor-section-height-default elementor-section-height-default\" data-id=\"050cdfa\" data-element_type=\"section\" data-settings=\"{&quot;wdt_bg_image&quot;:{&quot;url&quot;:&quot;&quot;,&quot;id&quot;:&quot;&quot;,&quot;size&quot;:&quot;&quot;},&quot;wdt_bg_image_laptop&quot;:{&quot;url&quot;:&quot;&quot;,&quot;id&quot;:&quot;&quot;,&quot;size&quot;:&quot;&quot;},&quot;wdt_bg_image_tablet_extra&quot;:{&quot;url&quot;:&quot;&quot;,&quot;id&quot;:&quot;&quot;,&quot;size&quot;:&quot;&quot;},&quot;wdt_bg_image_tablet&quot;:{&quot;url&quot;:&quot;&quot;,&quot;id&quot;:&quot;&quot;,&quot;size&quot;:&quot;&quot;},&quot;wdt_bg_image_mobile_extra&quot;:{&quot;url&quot;:&quot;&quot;,&quot;id&quot;:&quot;&quot;,&quot;size&quot;:&quot;&quot;},&quot;wdt_bg_image_mobile&quot;:{&quot;url&quot;:&quot;&quot;,&quot;id&quot;:&quot;&quot;,&quot;size&quot;:&quot;&quot;},&quot;wdt_bg_position&quot;:&quot;center center&quot;,&quot;wdt_animation_effect&quot;:&quot;none&quot;}\">\n\t\t\t\t\t\t<div class=\"elementor-container elementor-column-gap-default\">\n\t\t\t\t\t<div class=\"elementor-column elementor-col-100 elementor-top-column elementor-element elementor-element-84888f9\" data-id=\"84888f9\" data-element_type=\"column\">\n\t\t\t<div class=\"elementor-widget-wrap elementor-element-populated\">\n\t\t\t\t\t\t<div class=\"elementor-element elementor-element-ba21f50 wdt-custom-homeii-imgbx elementor-invisible elementor-widget elementor-widget-wdt-image-box\" data-id=\"ba21f50\" data-element_type=\"widget\" data-settings=\"{&quot;slides_to_show_opts&quot;:&quot;3&quot;,&quot;slides_to_show_opts_laptop&quot;:&quot;3&quot;,&quot;slides_to_show_opts_tablet_extra&quot;:&quot;2&quot;,&quot;gap&quot;:{&quot;unit&quot;:&quot;dpt&quot;,&quot;size&quot;:70,&quot;sizes&quot;:[]},&quot;speed&quot;:1000,&quot;autoplay&quot;:&quot;yes&quot;,&quot;_animation&quot;:&quot;fadeInLeft&quot;,&quot;marquee_class&quot;:&quot;yes&quot;,&quot;autoplay_direction&quot;:&quot;right&quot;,&quot;direction&quot;:&quot;horizontal&quot;,&quot;effect&quot;:&quot;default&quot;,&quot;slides_to_show_opts_tablet&quot;:2,&quot;slides_to_show_opts_mobile_extra&quot;:1,&quot;slides_to_show_opts_mobile&quot;:1,&quot;slides_to_scroll_opts&quot;:&quot;single&quot;,&quot;allow_touch&quot;:&quot;yes&quot;,&quot;enable_pagination_label&quot;:&quot;no&quot;,&quot;gap_laptop&quot;:{&quot;unit&quot;:&quot;px&quot;,&quot;size&quot;:&quot;&quot;,&quot;sizes&quot;:[]},&quot;gap_tablet_extra&quot;:{&quot;unit&quot;:&quot;px&quot;,&quot;size&quot;:&quot;&quot;,&quot;sizes&quot;:[]},&quot;gap_tablet&quot;:{&quot;unit&quot;:&quot;px&quot;,&quot;size&quot;:&quot;&quot;,&quot;sizes&quot;:[]},&quot;gap_mobile_extra&quot;:{&quot;unit&quot;:&quot;px&quot;,&quot;size&quot;:&quot;&quot;,&quot;sizes&quot;:[]},&quot;gap_mobile&quot;:{&quot;unit&quot;:&quot;px&quot;,&quot;size&quot;:&quot;&quot;,&quot;sizes&quot;:[]},&quot;autoplay_speed&quot;:5000,&quot;loop&quot;:&quot;yes&quot;,&quot;centered_slides&quot;:&quot;no&quot;,&quot;pause_on_interaction&quot;:&quot;yes&quot;,&quot;pause_on_mouseenter&quot;:&quot;yes&quot;,&quot;carousel_arrows_prev_arrow_vertical_top_indent&quot;:{&quot;unit&quot;:&quot;%&quot;,&quot;size&quot;:&quot;&quot;,&quot;sizes&quot;:[]},&quot;carousel_arrows_prev_arrow_vertical_top_indent_laptop&quot;:{&quot;unit&quot;:&quot;px&quot;,&quot;size&quot;:&quot;&quot;,&quot;sizes&quot;:[]},&quot;carousel_arrows_prev_arrow_vertical_top_indent_tablet_extra&quot;:{&quot;unit&quot;:&quot;px&quot;,&quot;size&quot;:&quot;&quot;,&quot;sizes&quot;:[]},&quot;carousel_arrows_prev_arrow_vertical_top_indent_tablet&quot;:{&quot;unit&quot;:&quot;%&quot;,&quot;size&quot;:&quot;&quot;,&quot;sizes&quot;:[]},&quot;carousel_arrows_prev_arrow_vertical_top_indent_mobile_extra&quot;:{&quot;unit&quot;:&quot;px&quot;,&quot;size&quot;:&quot;&quot;,&quot;sizes&quot;:[]},&quot;carousel_arrows_prev_arrow_vertical_top_indent_mobile&quot;:{&quot;unit&quot;:&quot;%&quot;,&quot;size&quot;:&quot;&quot;,&quot;sizes&quot;:[]},&quot;carousel_arrows_prev_arrow_horizontal_left_indent&quot;:{&quot;unit&quot;:&quot;%&quot;,&quot;size&quot;:&quot;&quot;,&quot;sizes&quot;:[]},&quot;carousel_arrows_prev_arrow_horizontal_left_indent_laptop&quot;:{&quot;unit&quot;:&quot;px&quot;,&quot;size&quot;:&quot;&quot;,&quot;sizes&quot;:[]},&quot;carousel_arrows_prev_arrow_horizontal_left_indent_tablet_extra&quot;:{&quot;unit&quot;:&quot;px&quot;,&quot;size&quot;:&quot;&quot;,&quot;sizes&quot;:[]},&quot;carousel_arrows_prev_arrow_horizontal_left_indent_tablet&quot;:{&quot;unit&quot;:&quot;%&quot;,&quot;size&quot;:&quot;&quot;,&quot;sizes&quot;:[]},&quot;carousel_arrows_prev_arrow_horizontal_left_indent_mobile_extra&quot;:{&quot;unit&quot;:&quot;px&quot;,&quot;size&quot;:&quot;&quot;,&quot;sizes&quot;:[]},&quot;carousel_arrows_prev_arrow_horizontal_left_indent_mobile&quot;:{&quot;unit&quot;:&quot;%&quot;,&quot;size&quot;:&quot;&quot;,&quot;sizes&quot;:[]},&quot;carousel_arrows_next_arrow_vertical_top_indent&quot;:{&quot;unit&quot;:&quot;%&quot;,&quot;size&quot;:&quot;&quot;,&quot;sizes&quot;:[]},&quot;carousel_arrows_next_arrow_vertical_top_indent_laptop&quot;:{&quot;unit&quot;:&quot;px&quot;,&quot;size&quot;:&quot;&quot;,&quot;sizes&quot;:[]},&quot;carousel_arrows_next_arrow_vertical_top_indent_tablet_extra&quot;:{&quot;unit&quot;:&quot;px&quot;,&quot;size&quot;:&quot;&quot;,&quot;sizes&quot;:[]},&quot;carousel_arrows_next_arrow_vertical_top_indent_tablet&quot;:{&quot;unit&quot;:&quot;%&quot;,&quot;size&quot;:&quot;&quot;,&quot;sizes&quot;:[]},&quot;carousel_arrows_next_arrow_vertical_top_indent_mobile_extra&quot;:{&quot;unit&quot;:&quot;px&quot;,&quot;size&quot;:&quot;&quot;,&quot;sizes&quot;:[]},&quot;carousel_arrows_next_arrow_vertical_top_indent_mobile&quot;:{&quot;unit&quot;:&quot;%&quot;,&quot;size&quot;:&quot;&quot;,&quot;sizes&quot;:[]},&quot;carousel_arrows_next_arrow_horizontal_left_indent&quot;:{&quot;unit&quot;:&quot;%&quot;,&quot;size&quot;:&quot;&quot;,&quot;sizes&quot;:[]},&quot;carousel_arrows_next_arrow_horizontal_left_indent_laptop&quot;:{&quot;unit&quot;:&quot;px&quot;,&quot;size&quot;:&quot;&quot;,&quot;sizes&quot;:[]},&quot;carousel_arrows_next_arrow_horizontal_left_indent_tablet_extra&quot;:{&quot;unit&quot;:&quot;px&quot;,&quot;size&quot;:&quot;&quot;,&quot;sizes&quot;:[]},&quot;carousel_arrows_next_arrow_horizontal_left_indent_tablet&quot;:{&quot;unit&quot;:&quot;%&quot;,&quot;size&quot;:&quot;&quot;,&quot;sizes&quot;:[]},&quot;carousel_arrows_next_arrow_horizontal_left_indent_mobile_extra&quot;:{&quot;unit&quot;:&quot;px&quot;,&quot;size&quot;:&quot;&quot;,&quot;sizes&quot;:[]},&quot;carousel_arrows_next_arrow_horizontal_left_indent_mobile&quot;:{&quot;unit&quot;:&quot;%&quot;,&quot;size&quot;:&quot;&quot;,&quot;sizes&quot;:[]},&quot;wdt_animation_effect&quot;:&quot;none&quot;}\" data-widget_type=\"wdt-image-box.default\">\n\t\t\t\t<div class=\"elementor-widget-container\">\n\t\t\t\t\t<div class=\"wdt-image-box-holder wdt-content-item-holder wdt-carousel-holder wdt-rc-template-custom-template\" id=\"wdt-image-box-ba21f50\" data-id=\"ba21f50\" data-settings=\"{&quot;enable_popup&quot;:&quot;&quot;}\"><div class=\"wdt-image-box-container swiper\" data-settings=\"{&quot;direction&quot;:&quot;horizontal&quot;,&quot;effect&quot;:&quot;default&quot;,&quot;slides_to_show&quot;:&quot;3&quot;,&quot;slides_to_scroll&quot;:1,&quot;arrows&quot;:&quot;&quot;,&quot;pagination&quot;:&quot;&quot;,&quot;speed&quot;:1000,&quot;autoplay&quot;:&quot;yes&quot;,&quot;autoplay_speed&quot;:5000,&quot;autoplay_direction&quot;:&quot;right&quot;,&quot;allow_touch&quot;:&quot;yes&quot;,&quot;loop&quot;:&quot;yes&quot;,&quot;centered_slides&quot;:&quot;no&quot;,&quot;pause_on_mouseenter&quot;:&quot;yes&quot;,&quot;pause_on_interaction&quot;:&quot;yes&quot;,&quot;overflow_type&quot;:&quot;&quot;,&quot;overflow_opacity&quot;:&quot;&quot;,&quot;unequal_height_compatability&quot;:null,&quot;gap&quot;:70,&quot;responsive&quot;:[{&quot;breakpoint&quot;:319,&quot;toshow&quot;:1,&quot;toscroll&quot;:1},{&quot;breakpoint&quot;:480,&quot;toshow&quot;:1,&quot;toscroll&quot;:1},{&quot;breakpoint&quot;:768,&quot;toshow&quot;:2,&quot;toscroll&quot;:1},{&quot;breakpoint&quot;:1025,&quot;toshow&quot;:2,&quot;toscroll&quot;:1},{&quot;breakpoint&quot;:1281,&quot;toshow&quot;:3,&quot;toscroll&quot;:1},{&quot;breakpoint&quot;:1541,&quot;toshow&quot;:3,&quot;toscroll&quot;:1}],&quot;space_between_gaps&quot;:{&quot;desktop&quot;:70,&quot;mobile&quot;:70,&quot;mobile_extra&quot;:70,&quot;tablet&quot;:70,&quot;tablet_extra&quot;:70,&quot;laptop&quot;:70}}\" id=\"wdt-image-box-swiper-ba21f50\"><div class=\"wdt-image-box-wrapper swiper-wrapper\"><div class=\"swiper-slide\"><div class=\"wdt-content-item\"><div class=\"wdt-content-media-group\"><div class=\"wdt-content-image-wrapper\"><div class=\"wdt-content-image\"><a href=\"https:\/\/aipe.it\/en\/formazione\/\"><img fetchpriority=\"high\" decoding=\"async\" width=\"966\" height=\"692\" src=\"https:\/\/aipe.it\/wp-content\/uploads\/2024\/09\/attivita-formazione-2.jpg\" class=\"attachment-full size-full wp-image-13382\" alt=\"\" srcset=\"https:\/\/aipe.it\/wp-content\/uploads\/2024\/09\/attivita-formazione-2.jpg 966w, https:\/\/aipe.it\/wp-content\/uploads\/2024\/09\/attivita-formazione-2-300x215.jpg 300w, https:\/\/aipe.it\/wp-content\/uploads\/2024\/09\/attivita-formazione-2-768x550.jpg 768w, https:\/\/aipe.it\/wp-content\/uploads\/2024\/09\/attivita-formazione-2-18x12.jpg 18w\" sizes=\"(max-width: 966px) 100vw, 966px\" \/><\/a><\/div><\/div><div class=\"wdt-content-button wdt-button-clone\"><a href=\"https:\/\/aipe.it\/en\/formazione\/\"><div class=\"wdt-button-text\"><span>Discover more<\/span><\/div><\/a><\/div><\/div><div class=\"wdt-content-detail-group\"><div class=\"wdt-content-title\"><h5><a href=\"https:\/\/aipe.it\/en\/formazione\/\">Training<\/a><\/h5><\/div><\/div><\/div><\/div><div class=\"swiper-slide\"><div class=\"wdt-content-item\"><div class=\"wdt-content-media-group\"><div class=\"wdt-content-image-wrapper\"><div class=\"wdt-content-image\"><a href=\"https:\/\/aipe.it\/en\/eventi\/\"><img decoding=\"async\" width=\"966\" height=\"692\" src=\"https:\/\/aipe.it\/wp-content\/uploads\/2024\/09\/eventi2.jpg\" class=\"attachment-full size-full wp-image-13388\" alt=\"\" srcset=\"https:\/\/aipe.it\/wp-content\/uploads\/2024\/09\/eventi2.jpg 966w, https:\/\/aipe.it\/wp-content\/uploads\/2024\/09\/eventi2-300x215.jpg 300w, https:\/\/aipe.it\/wp-content\/uploads\/2024\/09\/eventi2-768x550.jpg 768w, https:\/\/aipe.it\/wp-content\/uploads\/2024\/09\/eventi2-18x12.jpg 18w\" sizes=\"(max-width: 966px) 100vw, 966px\" \/><\/a><\/div><\/div><div class=\"wdt-content-button wdt-button-clone\"><a href=\"https:\/\/aipe.it\/en\/eventi\/\"><div class=\"wdt-button-text\"><span>Discover more<\/span><\/div><\/a><\/div><\/div><div class=\"wdt-content-detail-group\"><div class=\"wdt-content-title\"><h5><a href=\"https:\/\/aipe.it\/en\/eventi\/\">Events<\/a><\/h5><\/div><\/div><\/div><\/div><div class=\"swiper-slide\"><div class=\"wdt-content-item\"><div class=\"wdt-content-media-group\"><div class=\"wdt-content-image-wrapper\"><div class=\"wdt-content-image\"><a href=\"https:\/\/aipe.it\/en\/consulenza\/\"><img decoding=\"async\" width=\"966\" height=\"692\" src=\"https:\/\/aipe.it\/wp-content\/uploads\/2024\/09\/attivita-consulenza-2.jpg\" class=\"attachment-full size-full wp-image-13384\" alt=\"\" srcset=\"https:\/\/aipe.it\/wp-content\/uploads\/2024\/09\/attivita-consulenza-2.jpg 966w, https:\/\/aipe.it\/wp-content\/uploads\/2024\/09\/attivita-consulenza-2-300x215.jpg 300w, https:\/\/aipe.it\/wp-content\/uploads\/2024\/09\/attivita-consulenza-2-768x550.jpg 768w, https:\/\/aipe.it\/wp-content\/uploads\/2024\/09\/attivita-consulenza-2-18x12.jpg 18w\" sizes=\"(max-width: 966px) 100vw, 966px\" \/><\/a><\/div><\/div><div class=\"wdt-content-button wdt-button-clone\"><a href=\"https:\/\/aipe.it\/en\/consulenza\/\"><div class=\"wdt-button-text\"><span>Discover more<\/span><\/div><\/a><\/div><\/div><div class=\"wdt-content-detail-group\"><div class=\"wdt-content-title\"><h5><a href=\"https:\/\/aipe.it\/en\/consulenza\/\">Consulenza &amp; Help Desk<\/a><\/h5><\/div><\/div><\/div><\/div><\/div><\/div><div class=\"wdt-carousel-pagination-wrapper\"><div class=\"wdt-swiper-pagination wdt-swiper-pagination-ba21f50\"><\/div><\/div><\/div>\t\t\t\t<\/div>\n\t\t\t\t<\/div>\n\t\t\t\t\t<\/div>\n\t\t<\/div>\n\t\t\t\t\t<\/div>\n\t\t<\/section>\n\t\t\t\t<\/div>","protected":false},"excerpt":{"rendered":"<p>Scopri di pi\u00f9 Formazione Scopri di pi\u00f9 Eventi Scopri di pi\u00f9 Consulenza &amp; Help Desk<\/p>","protected":false},"author":1,"featured_media":0,"parent":0,"menu_order":0,"comment_status":"closed","ping_status":"closed","template":"","meta":{"footnotes":""},"class_list":["post-1617","page","type-page","status-publish","hentry"],"yoast_head":"<!-- This site is optimized with the Yoast SEO plugin v26.5 - https:\/\/yoast.com\/wordpress\/plugins\/seo\/ -->\n<title>Attivit\u00e0 - AIPE<\/title>\n<meta name=\"robots\" content=\"index, follow, max-snippet:-1, max-image-preview:large, max-video-preview:-1\" \/>\n<link rel=\"canonical\" href=\"https:\/\/aipe.it\/en\/attivita\/\" \/>\n<meta property=\"og:locale\" content=\"en_GB\" \/>\n<meta property=\"og:type\" content=\"article\" \/>\n<meta property=\"og:title\" content=\"Attivit\u00e0 - AIPE\" \/>\n<meta property=\"og:description\" content=\"Scopri di pi\u00f9 Formazione Scopri di pi\u00f9 Eventi Scopri di pi\u00f9 Consulenza &amp; Help Desk\" \/>\n<meta property=\"og:url\" content=\"https:\/\/aipe.it\/en\/attivita\/\" \/>\n<meta property=\"og:site_name\" content=\"AIPE\" \/>\n<meta property=\"article:publisher\" content=\"https:\/\/www.facebook.com\/associazioneaipe\" \/>\n<meta property=\"article:modified_time\" content=\"2025-07-08T07:22:00+00:00\" \/>\n<meta property=\"og:image\" content=\"https:\/\/aipe.it\/wp-content\/uploads\/2024\/09\/attivita-formazione-2.jpg\" \/>\n<meta name=\"twitter:card\" content=\"summary_large_image\" \/>\n<meta name=\"twitter:label1\" content=\"Estimated reading time\" \/>\n\t<meta name=\"twitter:data1\" content=\"1 minute\" \/>\n<script type=\"application\/ld+json\" class=\"yoast-schema-graph\">{\"@context\":\"https:\/\/schema.org\",\"@graph\":[{\"@type\":\"WebPage\",\"@id\":\"https:\/\/aipe.it\/attivita\/\",\"url\":\"https:\/\/aipe.it\/attivita\/\",\"name\":\"Attivit\u00e0 - AIPE\",\"isPartOf\":{\"@id\":\"https:\/\/aipe.it\/#website\"},\"primaryImageOfPage\":{\"@id\":\"https:\/\/aipe.it\/attivita\/#primaryimage\"},\"image\":{\"@id\":\"https:\/\/aipe.it\/attivita\/#primaryimage\"},\"thumbnailUrl\":\"https:\/\/aipe.it\/wp-content\/uploads\/2024\/09\/attivita-formazione-2.jpg\",\"datePublished\":\"2024-06-19T15:48:23+00:00\",\"dateModified\":\"2025-07-08T07:22:00+00:00\",\"breadcrumb\":{\"@id\":\"https:\/\/aipe.it\/attivita\/#breadcrumb\"},\"inLanguage\":\"en-GB\",\"potentialAction\":[{\"@type\":\"ReadAction\",\"target\":[\"https:\/\/aipe.it\/attivita\/\"]}]},{\"@type\":\"ImageObject\",\"inLanguage\":\"en-GB\",\"@id\":\"https:\/\/aipe.it\/attivita\/#primaryimage\",\"url\":\"https:\/\/aipe.it\/wp-content\/uploads\/2024\/09\/attivita-formazione-2.jpg\",\"contentUrl\":\"https:\/\/aipe.it\/wp-content\/uploads\/2024\/09\/attivita-formazione-2.jpg\"},{\"@type\":\"BreadcrumbList\",\"@id\":\"https:\/\/aipe.it\/attivita\/#breadcrumb\",\"itemListElement\":[{\"@type\":\"ListItem\",\"position\":1,\"name\":\"Home\",\"item\":\"https:\/\/aipe.it\/\"},{\"@type\":\"ListItem\",\"position\":2,\"name\":\"Attivit\u00e0\"}]},{\"@type\":\"WebSite\",\"@id\":\"https:\/\/aipe.it\/#website\",\"url\":\"https:\/\/aipe.it\/\",\"name\":\"AIPE\",\"description\":\"Associazione Italiana Pressure Equipment\",\"publisher\":{\"@id\":\"https:\/\/aipe.it\/#organization\"},\"potentialAction\":[{\"@type\":\"SearchAction\",\"target\":{\"@type\":\"EntryPoint\",\"urlTemplate\":\"https:\/\/aipe.it\/?s={search_term_string}\"},\"query-input\":{\"@type\":\"PropertyValueSpecification\",\"valueRequired\":true,\"valueName\":\"search_term_string\"}}],\"inLanguage\":\"en-GB\"},{\"@type\":\"Organization\",\"@id\":\"https:\/\/aipe.it\/#organization\",\"name\":\"AIPE\",\"url\":\"https:\/\/aipe.it\/\",\"logo\":{\"@type\":\"ImageObject\",\"inLanguage\":\"en-GB\",\"@id\":\"https:\/\/aipe.it\/#\/schema\/logo\/image\/\",\"url\":\"https:\/\/aipe.it\/wp-content\/uploads\/2025\/07\/cropped-aipe_4x4.png\",\"contentUrl\":\"https:\/\/aipe.it\/wp-content\/uploads\/2025\/07\/cropped-aipe_4x4.png\",\"width\":472,\"height\":472,\"caption\":\"AIPE\"},\"image\":{\"@id\":\"https:\/\/aipe.it\/#\/schema\/logo\/image\/\"},\"sameAs\":[\"https:\/\/www.facebook.com\/associazioneaipe\",\"https:\/\/www.linkedin.com\/company\/aipe\",\"https:\/\/www.instagram.com\/aipe_pressureequipment\/\",\"https:\/\/www.youtube.com\/@associazioneaipe266\"]}]}<\/script>\n<!-- \/ Yoast SEO plugin. -->","yoast_head_json":{"title":"Attivit\u00e0 - AIPE","robots":{"index":"index","follow":"follow","max-snippet":"max-snippet:-1","max-image-preview":"max-image-preview:large","max-video-preview":"max-video-preview:-1"},"canonical":"https:\/\/aipe.it\/en\/attivita\/","og_locale":"en_GB","og_type":"article","og_title":"Attivit\u00e0 - AIPE","og_description":"Scopri di pi\u00f9 Formazione Scopri di pi\u00f9 Eventi Scopri di pi\u00f9 Consulenza &amp; Help Desk","og_url":"https:\/\/aipe.it\/en\/attivita\/","og_site_name":"AIPE","article_publisher":"https:\/\/www.facebook.com\/associazioneaipe","article_modified_time":"2025-07-08T07:22:00+00:00","og_image":[{"url":"https:\/\/aipe.it\/wp-content\/uploads\/2024\/09\/attivita-formazione-2.jpg","type":"","width":"","height":""}],"twitter_card":"summary_large_image","twitter_misc":{"Estimated reading time":"1 minute"},"schema":{"@context":"https:\/\/schema.org","@graph":[{"@type":"WebPage","@id":"https:\/\/aipe.it\/attivita\/","url":"https:\/\/aipe.it\/attivita\/","name":"Attivit\u00e0 - AIPE","isPartOf":{"@id":"https:\/\/aipe.it\/#website"},"primaryImageOfPage":{"@id":"https:\/\/aipe.it\/attivita\/#primaryimage"},"image":{"@id":"https:\/\/aipe.it\/attivita\/#primaryimage"},"thumbnailUrl":"https:\/\/aipe.it\/wp-content\/uploads\/2024\/09\/attivita-formazione-2.jpg","datePublished":"2024-06-19T15:48:23+00:00","dateModified":"2025-07-08T07:22:00+00:00","breadcrumb":{"@id":"https:\/\/aipe.it\/attivita\/#breadcrumb"},"inLanguage":"en-GB","potentialAction":[{"@type":"ReadAction","target":["https:\/\/aipe.it\/attivita\/"]}]},{"@type":"ImageObject","inLanguage":"en-GB","@id":"https:\/\/aipe.it\/attivita\/#primaryimage","url":"https:\/\/aipe.it\/wp-content\/uploads\/2024\/09\/attivita-formazione-2.jpg","contentUrl":"https:\/\/aipe.it\/wp-content\/uploads\/2024\/09\/attivita-formazione-2.jpg"},{"@type":"BreadcrumbList","@id":"https:\/\/aipe.it\/attivita\/#breadcrumb","itemListElement":[{"@type":"ListItem","position":1,"name":"Home","item":"https:\/\/aipe.it\/"},{"@type":"ListItem","position":2,"name":"Attivit\u00e0"}]},{"@type":"WebSite","@id":"https:\/\/aipe.it\/#website","url":"https:\/\/aipe.it\/","name":"AIPE","description":"Associazione Italiana Pressure Equipment","publisher":{"@id":"https:\/\/aipe.it\/#organization"},"potentialAction":[{"@type":"SearchAction","target":{"@type":"EntryPoint","urlTemplate":"https:\/\/aipe.it\/?s={search_term_string}"},"query-input":{"@type":"PropertyValueSpecification","valueRequired":true,"valueName":"search_term_string"}}],"inLanguage":"en-GB"},{"@type":"Organization","@id":"https:\/\/aipe.it\/#organization","name":"AIPE","url":"https:\/\/aipe.it\/","logo":{"@type":"ImageObject","inLanguage":"en-GB","@id":"https:\/\/aipe.it\/#\/schema\/logo\/image\/","url":"https:\/\/aipe.it\/wp-content\/uploads\/2025\/07\/cropped-aipe_4x4.png","contentUrl":"https:\/\/aipe.it\/wp-content\/uploads\/2025\/07\/cropped-aipe_4x4.png","width":472,"height":472,"caption":"AIPE"},"image":{"@id":"https:\/\/aipe.it\/#\/schema\/logo\/image\/"},"sameAs":["https:\/\/www.facebook.com\/associazioneaipe","https:\/\/www.linkedin.com\/company\/aipe","https:\/\/www.instagram.com\/aipe_pressureequipment\/","https:\/\/www.youtube.com\/@associazioneaipe266"]}]}},"_links":{"self":[{"href":"https:\/\/aipe.it\/en\/wp-json\/wp\/v2\/pages\/1617","targetHints":{"allow":["GET"]}}],"collection":[{"href":"https:\/\/aipe.it\/en\/wp-json\/wp\/v2\/pages"}],"about":[{"href":"https:\/\/aipe.it\/en\/wp-json\/wp\/v2\/types\/page"}],"author":[{"embeddable":true,"href":"https:\/\/aipe.it\/en\/wp-json\/wp\/v2\/users\/1"}],"replies":[{"embeddable":true,"href":"https:\/\/aipe.it\/en\/wp-json\/wp\/v2\/comments?post=1617"}],"version-history":[{"count":4,"href":"https:\/\/aipe.it\/en\/wp-json\/wp\/v2\/pages\/1617\/revisions"}],"predecessor-version":[{"id":14939,"href":"https:\/\/aipe.it\/en\/wp-json\/wp\/v2\/pages\/1617\/revisions\/14939"}],"wp:attachment":[{"href":"https:\/\/aipe.it\/en\/wp-json\/wp\/v2\/media?parent=1617"}],"curies":[{"name":"wp","href":"https:\/\/api.w.org\/{rel}","templated":true}]}}